{"id":7980,"date":"2026-03-24T10:36:19","date_gmt":"2026-03-24T13:36:19","guid":{"rendered":"https:\/\/empresaryr.cl\/web\/?page_id=7980"},"modified":"2026-03-31T10:21:24","modified_gmt":"2026-03-31T13:21:24","slug":"trabajos-de-nuestra-empresa","status":"publish","type":"page","link":"https:\/\/empresaryr.cl\/web\/trabajos-de-nuestra-empresa\/","title":{"rendered":"Trabajos de Nuestra Empresa"},"content":{"rendered":"<p>[vc_row][vc_column][vc_column_text]<\/p>\n<h2><strong><span class=\"a_GcMg font-feature-liga-off font-feature-clig-off font-feature-calt-off text-decoration-none text-strikethrough-none\">Contrato de servicio generales de Operaci\u00f3n Planta<\/span><\/strong><\/h2>\n<p>[\/vc_column_text][vc_row_inner][vc_column_inner][vc_column_text]<\/p>\n<h3><\/h3>\n<h3 class=\"cvGsUA direction-ltr align-justify para-style-body\"><strong><span class=\"a_GcMg font-feature-liga-off font-feature-clig-off font-feature-calt-off text-decoration-none text-strikethrough-none\">Gesti\u00f3n y Organizaci\u00f3n del Contrato<\/span><\/strong><\/h3>\n<h4 class=\"cvGsUA direction-ltr align-justify para-style-body\"><span class=\"a_GcMg font-feature-liga-off font-feature-clig-off font-feature-calt-off text-decoration-none text-strikethrough-none\">Durante los \u00faltimos cuatro meses se han implementado iniciativas para fortalecer la organizaci\u00f3n del contrato y mejorar el desempe\u00f1o del equipo.<\/span><\/h4>\n<h4 class=\"cvGsUA direction-ltr align-justify para-style-body\"><span class=\"a_GcMg font-feature-liga-off font-feature-clig-off font-feature-calt-off text-decoration-none text-strikethrough-none\">1. Estandarizaci\u00f3n de operadores: mejora del desempe\u00f1o en posturas cr\u00edticas.<\/span><\/h4>\n<h4 class=\"cvGsUA direction-ltr align-justify para-style-body\"><span class=\"a_GcMg font-feature-liga-off font-feature-clig-off font-feature-calt-off text-decoration-none text-strikethrough-none\">2. Ropa corporativa: homologaci\u00f3n y coordinaci\u00f3n con proveedor de lavado.<\/span><\/h4>\n<h4 class=\"cvGsUA direction-ltr align-justify para-style-body\"><span class=\"a_GcMg font-feature-liga-off font-feature-clig-off font-feature-calt-off text-decoration-none text-strikethrough-none\">3. Reclutamiento y evaluaci\u00f3n: entrevistas y medici\u00f3n de rendimiento.<\/span><\/h4>\n<h4 class=\"cvGsUA direction-ltr align-justify para-style-body\"><span class=\"a_GcMg font-feature-liga-off font-feature-clig-off font-feature-calt-off text-decoration-none text-strikethrough-none\">4. Recursos tecnol\u00f3gicos: uso de Zoho para mensajer\u00eda y registro de posturas.<\/span><\/h4>\n<h4 class=\"cvGsUA direction-ltr align-justify para-style-body\"><span class=\"a_GcMg font-feature-liga-off font-feature-clig-off font-feature-calt-off text-decoration-none text-strikethrough-none\">5. Gesti\u00f3n administrativa: planillas en l\u00ednea para compensados y vacaciones.<\/span><\/h4>\n<h4 class=\"cvGsUA direction-ltr align-justify para-style-body\"><span class=\"a_GcMg font-feature-liga-off font-feature-clig-off font-feature-calt-off text-decoration-none text-strikethrough-none\">6. Herramientas de gesti\u00f3n: uso de People Work y formulario R-022.<\/span><\/h4>\n<h4 class=\"cvGsUA direction-ltr align-justify para-style-body\"><span class=\"a_GcMg font-feature-liga-off font-feature-clig-off font-feature-calt-off text-decoration-none text-strikethrough-none\">7. Supervisi\u00f3n y control: listas de verificaci\u00f3n para seguimiento de KPIs.<\/span><\/h4>\n<h4 class=\"cvGsUA direction-ltr align-justify para-style-body\"><span class=\"a_GcMg font-feature-liga-off font-feature-clig-off font-feature-calt-off text-decoration-none text-strikethrough-none\">Iniciativas enfocadas en ordenar procesos y fortalecer la gesti\u00f3n del equipo.<\/span><\/h4>\n<p><img loading=\"lazy\" decoding=\"async\" class=\"alignnone wp-image-7831\" src=\"https:\/\/empresaryr.cl\/web\/wp-content\/uploads\/2026\/03\/planta1-300x196.jpeg\" alt=\"\" width=\"505\" height=\"330\" srcset=\"https:\/\/empresaryr.cl\/web\/wp-content\/uploads\/2026\/03\/planta1-300x196.jpeg 300w, https:\/\/empresaryr.cl\/web\/wp-content\/uploads\/2026\/03\/planta1-1024x670.jpeg 1024w, https:\/\/empresaryr.cl\/web\/wp-content\/uploads\/2026\/03\/planta1-768x502.jpeg 768w, https:\/\/empresaryr.cl\/web\/wp-content\/uploads\/2026\/03\/planta1-800x523.jpeg 800w, https:\/\/empresaryr.cl\/web\/wp-content\/uploads\/2026\/03\/planta1.jpeg 1133w\" sizes=\"auto, (max-width: 505px) 100vw, 505px\" \/><\/p>\n<p>&nbsp;<\/p>\n<p><img loading=\"lazy\" decoding=\"async\" class=\"alignnone wp-image-7832\" src=\"https:\/\/empresaryr.cl\/web\/wp-content\/uploads\/2026\/03\/planta2-300x174.jpeg\" alt=\"\" width=\"507\" height=\"294\" srcset=\"https:\/\/empresaryr.cl\/web\/wp-content\/uploads\/2026\/03\/planta2-300x174.jpeg 300w, https:\/\/empresaryr.cl\/web\/wp-content\/uploads\/2026\/03\/planta2-1024x596.jpeg 1024w, https:\/\/empresaryr.cl\/web\/wp-content\/uploads\/2026\/03\/planta2-768x447.jpeg 768w, https:\/\/empresaryr.cl\/web\/wp-content\/uploads\/2026\/03\/planta2-800x465.jpeg 800w, https:\/\/empresaryr.cl\/web\/wp-content\/uploads\/2026\/03\/planta2.jpeg 1274w\" sizes=\"auto, (max-width: 507px) 100vw, 507px\" \/>[\/vc_column_text][\/vc_column_inner][\/vc_row_inner][\/vc_column][\/vc_row][vc_row][vc_column][vc_column_text]<\/p>\n<h2><strong><span class=\"a_GcMg font-feature-liga-off font-feature-clig-off font-feature-calt-off text-decoration-none text-strikethrough-none\">Contrato de Mantenimiento El\u00e9ctrico y Mec\u00e1nico Cauquenes<\/span><\/strong><\/h2>\n<p>[\/vc_column_text][vc_column_text]<\/p>\n<h4 class=\"cvGsUA direction-ltr align-justify para-style-body\"><span class=\"a_GcMg font-feature-liga-off font-feature-clig-off font-feature-calt-off text-decoration-none text-strikethrough-none\">Se asegura la operaci\u00f3n y confiabilidad de los equipos de la planta mediante mantenimiento preventivo, correctivo y predictivo en sistemas el\u00e9ctricos y mec\u00e1nicos.<\/span><\/h4>\n<h4 class=\"cvGsUA direction-ltr align-justify para-style-body\"><span class=\"a_GcMg font-feature-liga-off font-feature-clig-off font-feature-calt-off text-decoration-none text-strikethrough-none\">Las actividades incluyen inspecci\u00f3n, diagn\u00f3stico, reparaci\u00f3n y reemplazo de componentes, adem\u00e1s de apoyo t\u00e9cnico, atenci\u00f3n de emergencias e informes, con el objetivo de prevenir fallas, optimizar el rendimiento y prolongar la vida \u00fatil de los equipos.<\/span><\/h4>\n<p>&nbsp;<\/p>\n<h3><strong><span class=\"a_GcMg font-feature-liga-off font-feature-clig-off font-feature-calt-off text-decoration-none text-strikethrough-none\">Cambi\u00f3 de carrete de succi\u00f3n en BBA<\/span><\/strong><\/h3>\n<h4><strong><span class=\"a_GcMg font-feature-liga-off font-feature-clig-off font-feature-calt-off text-decoration-none text-strikethrough-none\"><img loading=\"lazy\" decoding=\"async\" class=\"alignnone wp-image-7813\" src=\"https:\/\/empresaryr.cl\/web\/wp-content\/uploads\/2026\/03\/1.1-300x206.jpeg\" alt=\"\" width=\"503\" height=\"346\" srcset=\"https:\/\/empresaryr.cl\/web\/wp-content\/uploads\/2026\/03\/1.1-300x206.jpeg 300w, https:\/\/empresaryr.cl\/web\/wp-content\/uploads\/2026\/03\/1.1-768x528.jpeg 768w, https:\/\/empresaryr.cl\/web\/wp-content\/uploads\/2026\/03\/1.1-800x550.jpeg 800w, https:\/\/empresaryr.cl\/web\/wp-content\/uploads\/2026\/03\/1.1.jpeg 917w\" sizes=\"auto, (max-width: 503px) 100vw, 503px\" \/><\/span> <\/strong><\/h4>\n<h3><strong><span class=\"a_GcMg font-feature-liga-off font-feature-clig-off font-feature-calt-off text-decoration-none text-strikethrough-none\">Carga y descarga de motor para cambio en BBA<\/span> <\/strong><\/h3>\n<p><img loading=\"lazy\" decoding=\"async\" class=\"alignnone wp-image-7816\" src=\"https:\/\/empresaryr.cl\/web\/wp-content\/uploads\/2026\/03\/2.2-300x230.jpeg\" alt=\"\" width=\"495\" height=\"379\" srcset=\"https:\/\/empresaryr.cl\/web\/wp-content\/uploads\/2026\/03\/2.2-300x230.jpeg 300w, https:\/\/empresaryr.cl\/web\/wp-content\/uploads\/2026\/03\/2.2-768x589.jpeg 768w, https:\/\/empresaryr.cl\/web\/wp-content\/uploads\/2026\/03\/2.2-800x613.jpeg 800w, https:\/\/empresaryr.cl\/web\/wp-content\/uploads\/2026\/03\/2.2.jpeg 913w\" sizes=\"auto, (max-width: 495px) 100vw, 495px\" \/><\/p>\n<p>&nbsp;<\/p>\n<h3><strong><span class=\"a_GcMg font-feature-liga-off font-feature-clig-off font-feature-calt-off text-decoration-none text-strikethrough-none\">Inspecci\u00f3n y lavado en Cajones.<\/span><\/strong><\/h3>\n<p><img loading=\"lazy\" decoding=\"async\" class=\"alignnone wp-image-7817\" src=\"https:\/\/empresaryr.cl\/web\/wp-content\/uploads\/2026\/03\/3-300x139.jpeg\" alt=\"\" width=\"504\" height=\"233\" srcset=\"https:\/\/empresaryr.cl\/web\/wp-content\/uploads\/2026\/03\/3-300x139.jpeg 300w, https:\/\/empresaryr.cl\/web\/wp-content\/uploads\/2026\/03\/3-768x355.jpeg 768w, https:\/\/empresaryr.cl\/web\/wp-content\/uploads\/2026\/03\/3-800x370.jpeg 800w, https:\/\/empresaryr.cl\/web\/wp-content\/uploads\/2026\/03\/3.jpeg 972w\" sizes=\"auto, (max-width: 504px) 100vw, 504px\" \/><\/p>\n<p>&nbsp;<\/p>\n<h3><strong><span class=\"a_GcMg font-feature-liga-off font-feature-clig-off font-feature-calt-off text-decoration-none text-strikethrough-none\">Reparaci\u00f3n de l\u00ednea 800 mm por fuga de agua en stub end.<\/span><\/strong><\/h3>\n<p><img loading=\"lazy\" decoding=\"async\" class=\"wp-image-7820 alignleft\" src=\"https:\/\/empresaryr.cl\/web\/wp-content\/uploads\/2026\/03\/4.2-262x300.jpeg\" alt=\"\" width=\"369\" height=\"422\" srcset=\"https:\/\/empresaryr.cl\/web\/wp-content\/uploads\/2026\/03\/4.2-262x300.jpeg 262w, https:\/\/empresaryr.cl\/web\/wp-content\/uploads\/2026\/03\/4.2.jpeg 552w\" sizes=\"auto, (max-width: 369px) 100vw, 369px\" \/>[\/vc_column_text][\/vc_column][\/vc_row][vc_row][vc_column][vc_column_text]<\/p>\n<h2><\/h2>\n<h2><strong><span class=\"a_GcMg font-feature-liga-off font-feature-clig-off font-feature-calt-off text-decoration-none text-strikethrough-none\">Contrato de servicio de Metalurgia<\/span><\/strong><\/h2>\n<h4><span class=\"a_GcMg font-feature-liga-off font-feature-clig-off font-feature-calt-off text-decoration-none text-strikethrough-none\">En el Area de metalurgia se realizan las siguientes actividades 3 mas importantes<\/span><\/h4>\n<p>[\/vc_column_text][vc_row_inner][vc_column_inner][vc_column_text]<\/p>\n<h3><\/h3>\n<h3 class=\"cvGsUA direction-ltr align-center para-style-body\"><strong><span class=\"a_GcMg font-feature-liga-off font-feature-clig-off font-feature-calt-off text-decoration-none text-strikethrough-none\">1-Control clasificaci\u00f3n.<\/span><\/strong><\/h3>\n<h4 class=\"cvGsUA direction-ltr align-center para-style-body\"><span class=\"a_GcMg font-feature-liga-off font-feature-clig-off font-feature-calt-off text-decoration-none text-strikethrough-none\">Consiste en la identificar las p\u00e9rdidas de Cu que no ingresan al proceso en las etapas de clasificaci\u00f3n primaria y columnas Rougher, por medio de un plan de muestreos, preparaci\u00f3n mec\u00e1nica de muestras y an\u00e1lisis de Cu en laboratorio qu\u00edmico o con equipo XRF (fluorescencia de rayos X)<\/span><\/h4>\n<p><img loading=\"lazy\" decoding=\"async\" class=\"alignnone wp-image-7842\" src=\"https:\/\/empresaryr.cl\/web\/wp-content\/uploads\/2026\/03\/metar7-225x300.jpeg\" alt=\"\" width=\"310\" height=\"413\" srcset=\"https:\/\/empresaryr.cl\/web\/wp-content\/uploads\/2026\/03\/metar7-225x300.jpeg 225w, https:\/\/empresaryr.cl\/web\/wp-content\/uploads\/2026\/03\/metar7-768x1024.jpeg 768w, https:\/\/empresaryr.cl\/web\/wp-content\/uploads\/2026\/03\/metar7-800x1067.jpeg 800w, https:\/\/empresaryr.cl\/web\/wp-content\/uploads\/2026\/03\/metar7.jpeg 960w\" sizes=\"auto, (max-width: 310px) 100vw, 310px\" \/><img loading=\"lazy\" decoding=\"async\" class=\"alignnone wp-image-7844\" src=\"https:\/\/empresaryr.cl\/web\/wp-content\/uploads\/2026\/03\/metar6-1-225x300.jpeg\" alt=\"\" width=\"310\" height=\"413\" srcset=\"https:\/\/empresaryr.cl\/web\/wp-content\/uploads\/2026\/03\/metar6-1-225x300.jpeg 225w, https:\/\/empresaryr.cl\/web\/wp-content\/uploads\/2026\/03\/metar6-1-768x1024.jpeg 768w, https:\/\/empresaryr.cl\/web\/wp-content\/uploads\/2026\/03\/metar6-1-800x1067.jpeg 800w, https:\/\/empresaryr.cl\/web\/wp-content\/uploads\/2026\/03\/metar6-1.jpeg 960w\" sizes=\"auto, (max-width: 310px) 100vw, 310px\" \/><\/p>\n<h3 class=\"cvGsUA direction-ltr align-center para-style-body\"><strong><span class=\"a_GcMg font-feature-liga-off font-feature-clig-off font-feature-calt-off text-decoration-none text-strikethrough-none\">2- Apoyo Reactivos.<\/span><\/strong><\/h3>\n<h4 class=\"cvGsUA direction-ltr align-center para-style-body\"><span class=\"a_GcMg font-feature-liga-off font-feature-clig-off font-feature-calt-off text-decoration-none text-strikethrough-none\">Consiste en el apoyo a la empresa mandante con la toma de muestras, el proceso de descargas y control de reactivos esenciales en el proceso, siempre cumpliendo con los est\u00e1ndares de seguridad y procedimientos de cada actividad.<\/span><\/h4>\n<p><img loading=\"lazy\" decoding=\"async\" class=\"alignnone wp-image-7826\" src=\"https:\/\/empresaryr.cl\/web\/wp-content\/uploads\/2026\/03\/metar3-206x300.jpeg\" alt=\"\" width=\"308\" height=\"448\" srcset=\"https:\/\/empresaryr.cl\/web\/wp-content\/uploads\/2026\/03\/metar3-206x300.jpeg 206w, https:\/\/empresaryr.cl\/web\/wp-content\/uploads\/2026\/03\/metar3.jpeg 342w\" sizes=\"auto, (max-width: 308px) 100vw, 308px\" \/><\/p>\n<h3 class=\"cvGsUA direction-ltr align-center para-style-body\"><strong><span class=\"a_GcMg font-feature-liga-off font-feature-clig-off font-feature-calt-off text-decoration-none text-strikethrough-none\">3- Despacho de Cobre y Molibdeno<\/span><\/strong><\/h3>\n<h4 class=\"cvGsUA direction-ltr align-center para-style-body\"><span class=\"a_GcMg font-feature-liga-off font-feature-clig-off font-feature-calt-off text-decoration-none text-strikethrough-none\">Equipo de trabajo responsable del muestreo y despacho de camiones de Cu de cobre y molibdeno, junto con las distintas preparaciones y an\u00e1lisis de muestras asociadas a estos productos finales del proceso.<\/span><\/h4>\n<p><img loading=\"lazy\" decoding=\"async\" class=\"alignnone wp-image-7828\" src=\"https:\/\/empresaryr.cl\/web\/wp-content\/uploads\/2026\/03\/metar5-229x300.jpeg\" alt=\"\" width=\"350\" height=\"459\" srcset=\"https:\/\/empresaryr.cl\/web\/wp-content\/uploads\/2026\/03\/metar5-229x300.jpeg 229w, https:\/\/empresaryr.cl\/web\/wp-content\/uploads\/2026\/03\/metar5.jpeg 552w\" sizes=\"auto, (max-width: 350px) 100vw, 350px\" \/>[\/vc_column_text][\/vc_column_inner][\/vc_row_inner][\/vc_column][\/vc_row][vc_row][vc_column][vc_column_text]<\/p>\n<h3><strong>Operaci\u00f3n y Proceso Planta Molibdeno<\/strong><\/h3>\n<h4>Procesamiento de relaves de Minera El teniente para obtener concentrado de molibdeno&gt;40% enviando las colas al espesador de cobre para su recuperaci\u00f3n<\/h4>\n<ul>\n<li>\n<h4>Espesador Mixto: Concentraci\u00f3n de solidos con floculante.<\/h4>\n<\/li>\n<li>\n<h4>TK-03 Y TK-02: ajuste de pH y adici\u00f3n de reactivos Nokes.<\/h4>\n<\/li>\n<li>\n<h4>Circuito Rougher:flotacion y separaci\u00f3n de molibdeno.<\/h4>\n<\/li>\n<li>\n<h4>Limpiezas y columna: Aumento de ley hasta 40-45%Mo.<\/h4>\n<\/li>\n<li>\n<h4>Filtrado y Secado: reducci\u00f3n de humedad del concentrado.<\/h4>\n<\/li>\n<li>\n<h4>Despacho: almacenamiento en maxisacos y env\u00edo en camiones.<\/h4>\n<\/li>\n<\/ul>\n<p>[\/vc_column_text][\/vc_column][\/vc_row]<\/p>\n","protected":false},"excerpt":{"rendered":"<p>[vc_row][vc_column][vc_column_text] Contrato de servicio generales de Operaci\u00f3n Planta [\/vc_column_text][vc_row_inner][vc_column_inner][vc_column_text] Gesti\u00f3n y Organizaci\u00f3n del Contrato Durante los \u00faltimos cuatro meses se [&hellip;]<\/p>\n","protected":false},"author":1,"featured_media":0,"parent":0,"menu_order":0,"comment_status":"closed","ping_status":"closed","template":"","meta":{"footnotes":""},"class_list":["post-7980","page","type-page","status-publish","hentry"],"_links":{"self":[{"href":"https:\/\/empresaryr.cl\/web\/wp-json\/wp\/v2\/pages\/7980","targetHints":{"allow":["GET"]}}],"collection":[{"href":"https:\/\/empresaryr.cl\/web\/wp-json\/wp\/v2\/pages"}],"about":[{"href":"https:\/\/empresaryr.cl\/web\/wp-json\/wp\/v2\/types\/page"}],"author":[{"embeddable":true,"href":"https:\/\/empresaryr.cl\/web\/wp-json\/wp\/v2\/users\/1"}],"replies":[{"embeddable":true,"href":"https:\/\/empresaryr.cl\/web\/wp-json\/wp\/v2\/comments?post=7980"}],"version-history":[{"count":42,"href":"https:\/\/empresaryr.cl\/web\/wp-json\/wp\/v2\/pages\/7980\/revisions"}],"predecessor-version":[{"id":8176,"href":"https:\/\/empresaryr.cl\/web\/wp-json\/wp\/v2\/pages\/7980\/revisions\/8176"}],"wp:attachment":[{"href":"https:\/\/empresaryr.cl\/web\/wp-json\/wp\/v2\/media?parent=7980"}],"curies":[{"name":"wp","href":"https:\/\/api.w.org\/{rel}","templated":true}]}}