{"id":5732,"date":"2018-10-22T13:46:26","date_gmt":"2018-10-22T16:46:26","guid":{"rendered":"https:\/\/www.ekko-wp.com\/?page_id=5732"},"modified":"2026-03-27T12:06:05","modified_gmt":"2026-03-27T15:06:05","slug":"services-simple","status":"publish","type":"page","link":"https:\/\/empresaryr.cl\/web\/services-simple\/","title":{"rendered":"Servicios"},"content":{"rendered":"<p>[vc_row full_width=&#8221;stretch_row&#8221; parallax=&#8221;content-moving&#8221; css=&#8221;.vc_custom_1555675311752{margin-top: -75px !important;padding-top: 50px !important;padding-bottom: 85px !important;}&#8221;][vc_column css=&#8221;.vc_custom_1516106070544{padding-right: 0px !important;padding-left: 0px !important;}&#8221;][vc_row_inner][vc_column_inner css=&#8221;.vc_custom_1516106746836{padding-right: 0px !important;}&#8221;]\n            <div class=\"sliding_box_parent row kd-slidingbox-6a035b1a78a1c \"><div class=\"sliding_box_child\" >\n                <div class=\"sb-image\"><img loading=\"lazy\" decoding=\"async\" width=\"800\" height=\"534\" src=\"https:\/\/empresaryr.cl\/web\/wp-content\/uploads\/2018\/10\/blog6.jpg\" class=\"attachment-full\" alt=\"\" \/><\/div>\n                <div class=\"sb_content_wrapper\" ><h3 >Toma de requerimientos<\/h3><p >Nuestros profesionales est\u00e1n capacitados para tomar sus ideas y concretarlas en proyectos con altos est\u00e1ndares de calidad.<\/p><\/div>\n            <\/div><div class=\"sliding_box_child active-elem\" >\n                <div class=\"sb-image\"><img decoding=\"async\" src=\"https:\/\/www.ekko-wp.com\/wp-content\/uploads\/sites\/3\/2018\/10\/square4.jpg\"  \/><\/div>\n                <div class=\"sb_content_wrapper\" ><h3 >Planificaci\u00f3n de proyectos<\/h3><p >Nuestro equipo de proyectos esta orientado en construir tus ideas y llevarlas a cabo con eficiencia y seguridad.<\/p><\/div>\n            <\/div><div class=\"sliding_box_child\" >\n                <div class=\"sb-image\"><img decoding=\"async\" src=\"https:\/\/www.ekko-wp.com\/wp-content\/uploads\/sites\/3\/2018\/10\/square2.jpg\"  \/><\/div>\n                <div class=\"sb_content_wrapper\" ><h3 >Puesta en marcha<\/h3><p >Te acompa\u00f1amos en este periodo esencial y as\u00ed juntos verificamos la calidad de lo que te entregamos.<\/p><\/div>\n            <\/div><\/div><script type=\"text\/javascript\">\n              jQuery(document).ready(function($){\n                if ($(\".sliding_box_parent.kd-slidingbox-6a035b1a78a1c\").length) {\n                  $(\".kd-slidingbox-6a035b1a78a1c .sliding_box_child\").on(\"mouseenter\", function() {\n                    $(\".kd-slidingbox-6a035b1a78a1c .sliding_box_child\").removeClass(\"active-elem\");\n                    $(this).addClass(\"active-elem\");\n                  });\n                }\n              });\n            <\/script>[\/vc_column_inner][\/vc_row_inner][\/vc_column][\/vc_row][vc_row full_width=&#8221;stretch_row&#8221; css=&#8221;.vc_custom_1773751131280{margin-top: 50px !important;padding-top: 100px !important;padding-bottom: 100px !important;background-color: #f3f3f3 !important;}&#8221;][vc_column css=&#8221;.vc_custom_1773751170185{margin-top: 60px !important;}&#8221;][vc_empty_space height=&#8221;30px&#8221;]<div class=\"features-tabs kd-tabswrapper-755216a035b1a7928b tabs-image-right tab-img-contained\" >\n\t\t\t\t<div id=\"kd-extab-514396a035b1a79a88\">\n\t\t\t\t<div class=\"tab-image-container\"><img loading=\"lazy\" decoding=\"async\" width=\"1600\" height=\"1200\" src=\"https:\/\/empresaryr.cl\/web\/wp-content\/uploads\/2026\/03\/IMG-20260318-WA0060.jpg\" class=\"attachment-full\" alt=\"\" srcset=\"https:\/\/empresaryr.cl\/web\/wp-content\/uploads\/2026\/03\/IMG-20260318-WA0060.jpg 1600w, https:\/\/empresaryr.cl\/web\/wp-content\/uploads\/2026\/03\/IMG-20260318-WA0060-300x225.jpg 300w, https:\/\/empresaryr.cl\/web\/wp-content\/uploads\/2026\/03\/IMG-20260318-WA0060-1024x768.jpg 1024w, https:\/\/empresaryr.cl\/web\/wp-content\/uploads\/2026\/03\/IMG-20260318-WA0060-768x576.jpg 768w, https:\/\/empresaryr.cl\/web\/wp-content\/uploads\/2026\/03\/IMG-20260318-WA0060-1536x1152.jpg 1536w, https:\/\/empresaryr.cl\/web\/wp-content\/uploads\/2026\/03\/IMG-20260318-WA0060-800x600.jpg 800w\" sizes=\"auto, (max-width: 1600px) 100vw, 1600px\" \/><\/div>\n\t\t\t\t<div class=\"tab-text-container\">\n\t\t\t\t\t<h5 class=\"tab-title\">Termofusi\u00f3n de Ca\u00f1er\u00edas HDPE y Geo-membrana<\/h5><p class=\"tab-content\"><\/p>\n<ul style=\"font-size: 12px;\">\n<li>Termofusi\u00f3n de ca\u00f1er\u00edas de HDPE de hasta 800 [mm] de di\u00e1metro<\/li>\n<li>Gran experiencia de fabricaci\u00f3n en terreno.<\/li>\n<li>Operadores certificados para atender requerimientos en las diferentes \u00e1reas<\/li>\n<\/ul>\n<p><\/p><\/div>\n\t\t\t\t<\/div>\n\t\t\t\t<li class=\"tab-control-item\">\n\t\t\t\t\t<a href=\"#kd-extab-514396a035b1a79a88\"> Termofusi\u00f3n de Ca\u00f1er\u00edas HDPE y Geo-membrana<\/a>\n\t\t\t\t<\/li><div id=\"kd-extab-520086a035b1a7a1b6\">\n\t\t\t\t<div class=\"tab-image-container\"><img loading=\"lazy\" decoding=\"async\" width=\"2560\" height=\"1920\" src=\"https:\/\/empresaryr.cl\/web\/wp-content\/uploads\/2026\/03\/20230926_111449-scaled.jpg\" class=\"attachment-full\" alt=\"\" srcset=\"https:\/\/empresaryr.cl\/web\/wp-content\/uploads\/2026\/03\/20230926_111449-scaled.jpg 2560w, https:\/\/empresaryr.cl\/web\/wp-content\/uploads\/2026\/03\/20230926_111449-300x225.jpg 300w, https:\/\/empresaryr.cl\/web\/wp-content\/uploads\/2026\/03\/20230926_111449-1024x768.jpg 1024w, https:\/\/empresaryr.cl\/web\/wp-content\/uploads\/2026\/03\/20230926_111449-768x576.jpg 768w, https:\/\/empresaryr.cl\/web\/wp-content\/uploads\/2026\/03\/20230926_111449-1536x1152.jpg 1536w, https:\/\/empresaryr.cl\/web\/wp-content\/uploads\/2026\/03\/20230926_111449-2048x1536.jpg 2048w, https:\/\/empresaryr.cl\/web\/wp-content\/uploads\/2026\/03\/20230926_111449-800x600.jpg 800w\" sizes=\"auto, (max-width: 2560px) 100vw, 2560px\" \/><\/div>\n\t\t\t\t<div class=\"tab-text-container\">\n\t\t\t\t\t<h4 class=\"tab-title\">Obras civiles<\/h4><p class=\"tab-content\"><\/p>\n<ul style=\"font-size: 12px;\">\n<li>\u00a0Construcci\u00f3n de hormigones (pavimentos, morteros, zapatas, etc.).<\/li>\n<li>\u00a0Confecci\u00f3n red de alcantarillados.<\/li>\n<li>\u00a0Reparaciones y construcciones Habitacionales.<\/li>\n<li>\u00a0Nivelaci\u00f3n de maquinarias y equipos (grouting).<\/li>\n<\/ul>\n<p><\/p><\/div>\n\t\t\t\t<\/div>\n\t\t\t\t<li class=\"tab-control-item\">\n\t\t\t\t\t<a href=\"#kd-extab-520086a035b1a7a1b6\"> Obras civiles<\/a>\n\t\t\t\t<\/li><div id=\"kd-extab-340586a035b1a7a87f\">\n\t\t\t\t<div class=\"tab-image-container\"><img loading=\"lazy\" decoding=\"async\" width=\"2560\" height=\"1920\" src=\"https:\/\/empresaryr.cl\/web\/wp-content\/uploads\/2026\/03\/20231108_170148-scaled.jpg\" class=\"attachment-full\" alt=\"\" srcset=\"https:\/\/empresaryr.cl\/web\/wp-content\/uploads\/2026\/03\/20231108_170148-scaled.jpg 2560w, https:\/\/empresaryr.cl\/web\/wp-content\/uploads\/2026\/03\/20231108_170148-300x225.jpg 300w, https:\/\/empresaryr.cl\/web\/wp-content\/uploads\/2026\/03\/20231108_170148-1024x768.jpg 1024w, https:\/\/empresaryr.cl\/web\/wp-content\/uploads\/2026\/03\/20231108_170148-768x576.jpg 768w, https:\/\/empresaryr.cl\/web\/wp-content\/uploads\/2026\/03\/20231108_170148-1536x1152.jpg 1536w, https:\/\/empresaryr.cl\/web\/wp-content\/uploads\/2026\/03\/20231108_170148-2048x1536.jpg 2048w, https:\/\/empresaryr.cl\/web\/wp-content\/uploads\/2026\/03\/20231108_170148-800x600.jpg 800w\" sizes=\"auto, (max-width: 2560px) 100vw, 2560px\" \/><\/div>\n\t\t\t\t<div class=\"tab-text-container\">\n\t\t\t\t\t<h4 class=\"tab-title\">Fabricaci\u00f3n y Montaje Estructural<\/h4><p class=\"tab-content\"><\/p>\n<ul style=\"font-size: 12px;\">\n<li>Dise\u00f1o y Fabricaci\u00f3n de estructuras pesadas y livianas.<\/li>\n<li>Montaje de Estanques.<\/li>\n<li>Armado y montaje de m\u00f3dulos Ready Dock.<\/li>\n<li>Fabricaci\u00f3n de piezas especiales piping acero carbono y HDPE.<\/li>\n<\/ul>\n<p><\/p><\/div>\n\t\t\t\t<\/div>\n\t\t\t\t<li class=\"tab-control-item\">\n\t\t\t\t\t<a href=\"#kd-extab-340586a035b1a7a87f\"> Fabricaci\u00f3n y Montaje Estructural<\/a>\n\t\t\t\t<\/li><div id=\"kd-extab-686916a035b1a7ae53\">\n\t\t\t\t<div class=\"tab-image-container\"><img loading=\"lazy\" decoding=\"async\" width=\"583\" height=\"408\" src=\"https:\/\/empresaryr.cl\/web\/wp-content\/uploads\/2026\/03\/prueba-3-e1774441186945.jpeg\" class=\"attachment-full\" alt=\"\" srcset=\"https:\/\/empresaryr.cl\/web\/wp-content\/uploads\/2026\/03\/prueba-3-e1774441186945.jpeg 583w, https:\/\/empresaryr.cl\/web\/wp-content\/uploads\/2026\/03\/prueba-3-e1774441186945-300x210.jpeg 300w\" sizes=\"auto, (max-width: 583px) 100vw, 583px\" \/><\/div>\n\t\t\t\t<div class=\"tab-text-container\">\n\t\t\t\t\t<h4 class=\"tab-title\">Montaje Mec\u00e1nico<\/h4><p class=\"tab-content\"><\/p>\n<ul style=\"font-size: 12px;\">\n<li>Montaje mec\u00e1nico de Bombas y Motores.<\/li>\n<li>Montaje de Precisi\u00f3n.<\/li>\n<li>Montaje de piping, fitting y piezas especiales de Acero Carbono y HDPE.<\/li>\n<\/ul>\n<p><\/p><\/div>\n\t\t\t\t<\/div>\n\t\t\t\t<li class=\"tab-control-item\">\n\t\t\t\t\t<a href=\"#kd-extab-686916a035b1a7ae53\"> Montaje Mec\u00e1nico<\/a>\n\t\t\t\t<\/li><div id=\"kd-extab-186506a035b1a7b4d3\">\n\t\t\t\t<div class=\"tab-image-container\"><img loading=\"lazy\" decoding=\"async\" width=\"844\" height=\"498\" src=\"https:\/\/empresaryr.cl\/web\/wp-content\/uploads\/2026\/03\/prueba1.jpeg\" class=\"attachment-full\" alt=\"\" srcset=\"https:\/\/empresaryr.cl\/web\/wp-content\/uploads\/2026\/03\/prueba1.jpeg 844w, https:\/\/empresaryr.cl\/web\/wp-content\/uploads\/2026\/03\/prueba1-300x177.jpeg 300w, https:\/\/empresaryr.cl\/web\/wp-content\/uploads\/2026\/03\/prueba1-768x453.jpeg 768w, https:\/\/empresaryr.cl\/web\/wp-content\/uploads\/2026\/03\/prueba1-800x472.jpeg 800w\" sizes=\"auto, (max-width: 844px) 100vw, 844px\" \/><\/div>\n\t\t\t\t<div class=\"tab-text-container\">\n\t\t\t\t\t<h4 class=\"tab-title\">Mantenimiento Industrial<\/h4><p class=\"tab-content\"><\/p>\n<ul style=\"font-size: 12px;\">\n<li>Montaje y Desmontaje de contra-ejes<\/li>\n<li>Alineaci\u00f3n de molinos<\/li>\n<li>Revestimiento interno<\/li>\n<\/ul>\n<p><\/p><\/div>\n\t\t\t\t<\/div>\n\t\t\t\t<li class=\"tab-control-item\">\n\t\t\t\t\t<a href=\"#kd-extab-186506a035b1a7b4d3\"> Mantenimiento Industrial<\/a>\n\t\t\t\t<\/li>\n\t\t\t\t<ul class=\"tab-controls\"><\/ul>\n\t\t\t<\/div>[\/vc_column][\/vc_row][vc_row full_width=&#8221;stretch_row&#8221; content_placement=&#8221;middle&#8221;][vc_column css_animation=&#8221;fadeIn&#8221; css=&#8221;.vc_custom_1679585573798{padding-right: 0px !important;padding-left: 0px !important;}&#8221;][vc_empty_space height=&#8221;40px&#8221;][vc_row_inner][vc_column_inner][vc_text_separator title=&#8221;Un poco de nosotros&#8221; el_class=&#8221;cuarentapx&#8221;][vc_empty_space height=&#8221;40px&#8221;][\/vc_column_inner][\/vc_row_inner][vc_row_inner][vc_column_inner][vc_gallery type=&#8221;nivo&#8221; interval=&#8221;5&#8243; images=&#8221;7624,7626,7623,7621,7620&#8243; img_size=&#8221;full&#8221;][\/vc_column_inner][\/vc_row_inner][vc_separator][\/vc_column][\/vc_row][vc_row full_width=&#8221;stretch_row&#8221; css=&#8221;.vc_custom_1555675538804{padding-top: 100px !important;padding-bottom: 85px !important;background-color: #f5f5f5 !important;}&#8221;][vc_column width=&#8221;1\/2&#8243; offset=&#8221;vc_col-lg-6 vc_col-md-12&#8243;][vc_row_inner][vc_column_inner css=&#8221;.vc_custom_1541153603960{padding-right: 0px !important;padding-left: 0px !important;}&#8221;][vc_single_image image=&#8221;7661&#8243; img_size=&#8221;large&#8221;][\/vc_column_inner][\/vc_row_inner][\/vc_column][vc_column width=&#8221;1\/2&#8243; offset=&#8221;vc_col-lg-6 vc_col-md-12&#8243; css=&#8221;.vc_custom_1538999709577{padding-right: 0px !important;}&#8221;][vc_row_inner][vc_column_inner width=&#8221;1\/6&#8243; css=&#8221;.vc_custom_1541152793064{padding-left: 0px !important;}&#8221; offset=&#8221;vc_hidden-md vc_hidden-sm vc_hidden-xs&#8221;][\/vc_column_inner][vc_column_inner css=&#8221;.vc_custom_1541154018391{padding-right: 0px !important;padding-left: 0px !important;}&#8221; offset=&#8221;vc_col-lg-10&#8243;]<header class=\"kd-section-title col-lg-12 text-left  kd-animated fadeIn   vc_custom_1679582941838\" data-animation-delay=200><h2 class=\"separator_off\" >Buscamos la confianza de nuestros clientes<\/h2><\/header><div class=\"kd_progress_bar  \" ><div class=\"kd_progb_head\"><div class=\"kd-progb-static\"><div class=\"kd-progb-title\"><h4 >Calidad<\/h4><\/div><span class=\"kd_progressbarmarker\" >98%<\/span><\/div><\/div><div class=\"kd_progressbarfull thin-solid\">\n                  <div class=\"kd_progressbarfill\"  data-value=\"98\" data-time=\"2000\">\n                <\/div><\/div><div class=\"kd_progb_desc\"><\/div><\/div><div class=\"kd_progress_bar  \" ><div class=\"kd_progb_head\"><div class=\"kd-progb-static\"><div class=\"kd-progb-title\"><h4 >Eficacia<\/h4><\/div><span class=\"kd_progressbarmarker\" >97%<\/span><\/div><\/div><div class=\"kd_progressbarfull thin-solid\">\n                  <div class=\"kd_progressbarfill\"  data-value=\"97\" data-time=\"2000\">\n                <\/div><\/div><div class=\"kd_progb_desc\"><\/div><\/div><div class=\"kd_progress_bar  \" ><div class=\"kd_progb_head\"><div class=\"kd-progb-static\"><div class=\"kd-progb-title\"><h4 >Profesionalismo<\/h4><\/div><span class=\"kd_progressbarmarker\" >100%<\/span><\/div><\/div><div class=\"kd_progressbarfull thin-solid\">\n                  <div class=\"kd_progressbarfill\"  data-value=\"100\" data-time=\"2000\">\n                <\/div><\/div><div class=\"kd_progb_desc\"><\/div><\/div>[\/vc_column_inner][\/vc_row_inner][\/vc_column][\/vc_row][vc_row][vc_column]<div class=\"slider clients grayscale-effect kd-client-6a035b1a7b67e black-navigation \"><div class=\"clients-content kd-animated zoomIn\" data-animation-delay=200><img loading=\"lazy\" decoding=\"async\" width=\"200\" height=\"120\" src=\"https:\/\/empresaryr.cl\/web\/wp-content\/uploads\/2023\/03\/4-1.jpg\" class=\"attachment-full\" alt=\"\" \/><\/div><div class=\"clients-content kd-animated zoomIn\" data-animation-delay=200><img loading=\"lazy\" decoding=\"async\" width=\"200\" height=\"120\" src=\"https:\/\/empresaryr.cl\/web\/wp-content\/uploads\/2023\/03\/1-1.jpg\" class=\"attachment-full\" alt=\"\" \/><\/div><div class=\"clients-content kd-animated zoomIn\" data-animation-delay=200><img loading=\"lazy\" decoding=\"async\" width=\"200\" height=\"120\" src=\"https:\/\/empresaryr.cl\/web\/wp-content\/uploads\/2023\/03\/2.jpg\" class=\"attachment-full\" alt=\"\" \/><\/div><div class=\"clients-content kd-animated zoomIn\" data-animation-delay=200><img loading=\"lazy\" decoding=\"async\" width=\"200\" height=\"120\" src=\"https:\/\/empresaryr.cl\/web\/wp-content\/uploads\/2023\/03\/6.jpg\" class=\"attachment-full\" alt=\"\" \/><\/div><\/div><script type=\"text\/javascript\">\r\n              jQuery(document).ready(function($){\r\n                if ($(\".slider.clients.kd-client-6a035b1a7b67e\").length) {\r\n                  $(\".slider.clients.kd-client-6a035b1a7b67e\").owlCarousel({\r\n                    stageClass: \"owl-wrapper\",\r\n                    stageOuterClass: \"owl-wrapper-outer\",\r\n                    loadedClass: \"owl-carousel\",\r\n                    responsiveClass:true,\r\n                    responsive:{\r\n                      0:{\r\n                          items:1,nav: true,\r\n                            navSpeed: 500,\r\n                            dots: false,},\r\n                      415:{\r\n                          items:3,nav: true,\r\n                            navSpeed: 500,\r\n                            dots: false,},\r\n                      960:{\r\n                          items:5,nav: true,\r\n                              navSpeed: 500,\r\n                              dots: false,}\r\n                    },loop: true,autoplay: true,autoplayTimeout: 8000,autoplayHoverPause: true,\r\n                  });\r\n                }\r\n              });\r\n            <\/script>[\/vc_column][\/vc_row]<\/p>\n","protected":false},"excerpt":{"rendered":"<p>[vc_row full_width=&#8221;stretch_row&#8221; parallax=&#8221;content-moving&#8221; css=&#8221;.vc_custom_1555675311752{margin-top: -75px !important;padding-top: 50px !important;padding-bottom: 85px !important;}&#8221;][vc_column css=&#8221;.vc_custom_1516106070544{padding-right: 0px !important;padding-left: 0px !important;}&#8221;][vc_row_inner][vc_column_inner css=&#8221;.vc_custom_1516106746836{padding-right: 0px !important;}&#8221;][\/vc_column_inner][\/vc_row_inner][\/vc_column][\/vc_row][vc_row full_width=&#8221;stretch_row&#8221; css=&#8221;.vc_custom_1773751131280{margin-top: [&hellip;]<\/p>\n","protected":false},"author":1,"featured_media":0,"parent":0,"menu_order":0,"comment_status":"closed","ping_status":"closed","template":"","meta":{"footnotes":""},"class_list":["post-5732","page","type-page","status-publish","hentry"],"_links":{"self":[{"href":"https:\/\/empresaryr.cl\/web\/wp-json\/wp\/v2\/pages\/5732","targetHints":{"allow":["GET"]}}],"collection":[{"href":"https:\/\/empresaryr.cl\/web\/wp-json\/wp\/v2\/pages"}],"about":[{"href":"https:\/\/empresaryr.cl\/web\/wp-json\/wp\/v2\/types\/page"}],"author":[{"embeddable":true,"href":"https:\/\/empresaryr.cl\/web\/wp-json\/wp\/v2\/users\/1"}],"replies":[{"embeddable":true,"href":"https:\/\/empresaryr.cl\/web\/wp-json\/wp\/v2\/comments?post=5732"}],"version-history":[{"count":89,"href":"https:\/\/empresaryr.cl\/web\/wp-json\/wp\/v2\/pages\/5732\/revisions"}],"predecessor-version":[{"id":8140,"href":"https:\/\/empresaryr.cl\/web\/wp-json\/wp\/v2\/pages\/5732\/revisions\/8140"}],"wp:attachment":[{"href":"https:\/\/empresaryr.cl\/web\/wp-json\/wp\/v2\/media?parent=5732"}],"curies":[{"name":"wp","href":"https:\/\/api.w.org\/{rel}","templated":true}]}}